{"id":106,"date":"2014-03-11T11:05:16","date_gmt":"2014-03-11T11:05:16","guid":{"rendered":"http:\/\/www.cssigniter.com\/preview\/santorini\/?page_id=106"},"modified":"2014-03-11T11:05:16","modified_gmt":"2014-03-11T11:05:16","slug":"o-residence-2","status":"publish","type":"page","link":"https:\/\/vilabueno.com.br\/br\/o-residence-2\/","title":{"rendered":"O Residence"},"content":{"rendered":"<p>[vc_row][vc_column][vc_images_carousel images=&#8221;484,485,486,487,488,489,490,491,492,493,494,495,496,497,498,499,500,501,502,503,504,505,506,507,508,509,510,511,512&#8243; onclick=&#8221;link_image&#8221; custom_links_target=&#8221;_self&#8221; mode=&#8221;horizontal&#8221; speed=&#8221;5000&#8243; slides_per_view=&#8221;1&#8243; autoplay=&#8221;yes&#8221; wrap=&#8221;yes&#8221; img_size=&#8221;945&#215;486&#8243; hide_pagination_control=&#8221;yes&#8221;][vc_column_text]Constru\u00edda por volta de 1880, a antiga casa do coronel Am\u00e2ncio Bueno, fundador de Jaguari\u00fana constitui-se num verdadeiro patrim\u00f4nio de mem\u00f3ria. Depois de uma rigorosa restaura\u00e7\u00e3o, a casa em estilo neocl\u00e1ssico, com sua ampla fachada, abriga al\u00e9m da Pousada, um espa\u00e7o de mem\u00f3ria, um bar e restaurante. Os seus arejados sal\u00f5es, est\u00e3o aptos para sediar conven\u00e7\u00f5es, eventos culturais, sociais ou reuni\u00f5es de neg\u00f3cios.<\/p>\n<p><a href=\"http:\/\/www.vilabueno.com.br\/wp-content\/uploads\/2017\/04\/Folder-Vila-Bueno.jpg\" data-rel=\"prettyPhoto[106]\" target=\"_blank\" rel=\"noopener noreferrer\">Conhe\u00e7a nossos novos servi\u00e7os!<\/a><\/p>\n<p>Para a realiza\u00e7\u00e3o de eventos, a Vila Bueno re\u00fane todas as condi\u00e7\u00f5es, com suporte dos melhores equipamentos, ilumina\u00e7\u00e3o moderna e monitora\u00e7\u00e3o profissional.<\/p>\n<h2 class=\"page-title\">Eventos<\/h2>\n<p>Uma completa infra-estrutura para a realiza\u00e7\u00e3o de seu evento foi planejada pelo Espa\u00e7o Vila Bueno. Aqui, a realiza\u00e7\u00e3o de sua programa\u00e7\u00e3o transcorre dentro dos melhores crit\u00e9rios de organiza\u00e7\u00e3o e controle. O objetivo \u00e9 proporcionar conforto, praticidade e estilo.<\/p>\n<p>Eventos culturais &#8211; dois ambientes est\u00e3o reservados para sediar a\u00e7\u00f5es culturais. A saleta Dona Ermelinda, pr\u00f3pria para exposi\u00e7\u00f5es de pequeno e m\u00e9dio portes, reuni\u00f5es pequenas e o Sal\u00e3o Diva, espa\u00e7o que pode ser exclusivo, oferecendo condi\u00e7\u00f5es tanto para um acontecimento com buffet, como no formato audit\u00f3rio para reuni\u00f5es, palestra ou semin\u00e1rios.<\/p>\n<p>Eventos empresariais\/sociais &#8211; al\u00e9m do Sal\u00e3o Diva e da Saleta Dona Ermelinda, o Espa\u00e7o Vila Bueno reserva ambientes alternativos para programa\u00e7\u00f5es que requeriam praticidade e estilo. O p\u00e1tio o Jardim por exemplo, coberto pela generosa copa de pau d&#8217; alho centen\u00e1rio \u00e9 uma privilegiada op\u00e7\u00e3o para se promover um coffebreak, ou um ch\u00e1 de tarde.<\/p>\n<h2 class=\"page-title\">Infraestrutura<\/h2>\n<p>Pousada, com restaurante, bar, sal\u00f5es para conven\u00e7\u00f5es e eventos sociais, e espa\u00e7o de mem\u00f3ria.<\/p>\n<p>Pousada &#8211; uma casa erguida no s\u00e9culo XIX, com arquitetura ecl\u00e9tica, primorosamente restaurada. Oferece 20 apartamentos, com TV por assinatura, aquecimento central, ventilador, frigobar, ar-condicionado split quente e frio, cama casal ou solteiro, Internet Wi-Fi de alta velocidade,cofre digital, sauna e piscina.[\/vc_column_text][\/vc_column][\/vc_row]<\/p>\n","protected":false},"excerpt":{"rendered":"<p>[vc_row][vc_column][vc_images_carousel images=&#8221;484,485,486,487,488,489,490,491,492,493,494,495,496,497,498,499,500,501,502,503,504,505,506,507,508,509,510,511,512&#8243; onclick=&#8221;link_image&#8221; custom_links_target=&#8221;_self&#8221; mode=&#8221;horizontal&#8221; speed=&#8221;5000&#8243; slides_per_view=&#8221;1&#8243; autoplay=&#8221;yes&#8221; wrap=&#8221;yes&#8221; img_size=&#8221;945&#215;486&#8243; hide_pagination_control=&#8221;yes&#8221;][vc_column_text]Constru\u00edda por volta de 1880, a antiga casa do coronel Am\u00e2ncio Bueno, fundador de Jaguari\u00fana constitui-se num verdadeiro patrim\u00f4nio de mem\u00f3ria. Depois de uma rigorosa restaura\u00e7\u00e3o, a casa em estilo neocl\u00e1ssico, com sua ampla fachada, abriga al\u00e9m da Pousada, um[&#8230;]<\/p>\n","protected":false},"author":1,"featured_media":0,"parent":0,"menu_order":0,"comment_status":"open","ping_status":"open","template":"template-attractions-listing-3col.php","meta":[],"_links":{"self":[{"href":"https:\/\/vilabueno.com.br\/br\/wp-json\/wp\/v2\/pages\/106"}],"collection":[{"href":"https:\/\/vilabueno.com.br\/br\/wp-json\/wp\/v2\/pages"}],"about":[{"href":"https:\/\/vilabueno.com.br\/br\/wp-json\/wp\/v2\/types\/page"}],"author":[{"embeddable":true,"href":"https:\/\/vilabueno.com.br\/br\/wp-json\/wp\/v2\/users\/1"}],"replies":[{"embeddable":true,"href":"https:\/\/vilabueno.com.br\/br\/wp-json\/wp\/v2\/comments?post=106"}],"version-history":[{"count":0,"href":"https:\/\/vilabueno.com.br\/br\/wp-json\/wp\/v2\/pages\/106\/revisions"}],"wp:attachment":[{"href":"https:\/\/vilabueno.com.br\/br\/wp-json\/wp\/v2\/media?parent=106"}],"curies":[{"name":"wp","href":"https:\/\/api.w.org\/{rel}","templated":true}]}}