{"id":326,"date":"2015-04-13T18:16:09","date_gmt":"2015-04-13T18:16:09","guid":{"rendered":"http:\/\/www.vilabueno.com.br\/?page_id=326"},"modified":"2015-04-13T18:16:09","modified_gmt":"2015-04-13T18:16:09","slug":"historia-da-cidade","status":"publish","type":"page","link":"https:\/\/vilabueno.com.br\/br\/historia-da-cidade\/","title":{"rendered":"Hist\u00f3ria da Cidade"},"content":{"rendered":"<p>No s\u00e9culo 19 o povoamento da Vila Bueno se consolidava e gerava condi\u00e7\u00f5es para que a Vila fosse elevada a distrito de Jaguary, o homem que arquitetou o nascimento desta nova cidade paulista, coronel Am\u00e2ncio Bueno, imprimia a\u00e7\u00f5es para urbanizar o novo n\u00facleo. Foi assim, pela necessidade de ter uma casa no Centro da Vila, que servisse de moradia e tamb\u00e9m facilitasse a sua atua\u00e7\u00e3o pol\u00edtica em prol de moradia e tamb\u00e9m facilitasse a sua atua\u00e7\u00e3o, que o coronel mandou construir uma ampla casa.<\/p>\n<p>Para servir de modelo para as demais, era preciso ter um p\u00e9 direito de quase 5 metros. Portas e janelas ornamentadas dentro dos crit\u00e9rios do melhor estilo vigente, o do ecletismo. Seria indiscut\u00edvel a exist\u00eancia de um por\u00e3o alto, com mais de dois metros e o telhado deveria ser revestido com a elegante platimbanda. Tudo muito bem-acabado e seguro. Era uma casa para durar s\u00e9culos.<br \/>\nPara a nova Moradia, o coronel levou a fam\u00edlia que formou com uma de suas mulheres, dona Ermelinda. Neste cen\u00e1rio entre determina\u00e7\u00f5es, romances e muitas viagens de neg\u00f3cios na regi\u00e3o, o coronel ainda reservava um tempo para realizar reuni\u00f5es de neg\u00f3cios com os seus contempor\u00e2neos fazendeiros de caf\u00e9.<br \/>\nDepois de ser resid\u00eancia do coronel, a casa serviu de abrigo para os estudantes do Col\u00e9gio Rosa em 1889 por ocasi\u00e3o da implac\u00e1vel febre amarela, respons\u00e1vel pela dizima\u00e7\u00e3o de milhares de pessoas em Campinas. O destino da casa parecia estar conectado ao desenvolvimento da cidade, assim em 1886 foi l\u00e1, na casa do coronel que se deu uma importante elei\u00e7\u00e3o.<br \/>\nAssim, a casa que hoje abre suas portas para Casamentos, Mini weddings, outros eventos sociais e corporativos, para os executivos que frequentam Jaguari\u00fana e desejam realizar seu evento em um lugar \u00fanico e exclusivo, \u00e9 um verdadeiro \u00edcone de mem\u00f3ria desta cidade, conhec\u00ea-la faz bem para os olhos e traz alegria ao cora\u00e7\u00e3o.<\/p>\n","protected":false},"excerpt":{"rendered":"<p>No s\u00e9culo 19 o povoamento da Vila Bueno se consolidava e gerava condi\u00e7\u00f5es para que a Vila fosse elevada a distrito de Jaguary, o homem que arquitetou o nascimento desta nova cidade paulista, coronel Am\u00e2ncio Bueno, imprimia a\u00e7\u00f5es para urbanizar o novo n\u00facleo. Foi assim, pela necessidade de ter uma[&#8230;]<\/p>\n","protected":false},"author":1,"featured_media":0,"parent":0,"menu_order":0,"comment_status":"open","ping_status":"open","template":"","meta":[],"_links":{"self":[{"href":"https:\/\/vilabueno.com.br\/br\/wp-json\/wp\/v2\/pages\/326"}],"collection":[{"href":"https:\/\/vilabueno.com.br\/br\/wp-json\/wp\/v2\/pages"}],"about":[{"href":"https:\/\/vilabueno.com.br\/br\/wp-json\/wp\/v2\/types\/page"}],"author":[{"embeddable":true,"href":"https:\/\/vilabueno.com.br\/br\/wp-json\/wp\/v2\/users\/1"}],"replies":[{"embeddable":true,"href":"https:\/\/vilabueno.com.br\/br\/wp-json\/wp\/v2\/comments?post=326"}],"version-history":[{"count":0,"href":"https:\/\/vilabueno.com.br\/br\/wp-json\/wp\/v2\/pages\/326\/revisions"}],"wp:attachment":[{"href":"https:\/\/vilabueno.com.br\/br\/wp-json\/wp\/v2\/media?parent=326"}],"curies":[{"name":"wp","href":"https:\/\/api.w.org\/{rel}","templated":true}]}}