{"id":699,"date":"2015-11-16T13:23:07","date_gmt":"2015-11-16T13:23:07","guid":{"rendered":"http:\/\/www.vilabueno.com.br\/?page_id=569"},"modified":"2015-11-16T13:23:07","modified_gmt":"2015-11-16T13:23:07","slug":"indicacao-do-trivago","status":"publish","type":"page","link":"https:\/\/vilabueno.com.br\/br\/indicacao-do-trivago\/","title":{"rendered":"Indica\u00e7\u00e3o do Trivago"},"content":{"rendered":"<p>[vc_row][vc_column][vc_cta_button2 h2=&#8221;Leia Mais&#8221; style=&#8221;rounded&#8221; txt_align=&#8221;left&#8221; title=&#8221;checkin.trivago.com.br&#8221; btn_style=&#8221;rounded&#8221; color=&#8221;blue&#8221; size=&#8221;md&#8221; position=&#8221;right&#8221; link=&#8221;url:http%3A%2F%2Fcheckin.trivago.com.br%2F2015%2F10%2F26%2Fdestinos-tranquilos-ano-novo-brasil%2F||target:%20_blank&#8221;]Veja esta mat\u00e9ria completa no site do\u00a0Checkin\u00a0Trivago[\/vc_cta_button2][vc_column_text]<\/p>\n<h2>Jaguari\u00fana\u00a0(SP)<\/h2>\n<hr \/>\n<p><img loading=\"lazy\" class=\"wp-image-3862 size-full\" src=\"http:\/\/trv-checkin.s3-eu-central-1.amazonaws.com\/wp-content\/uploads\/sites\/18\/2015\/10\/jaguariuna-maria-fumaca-ano-novo.jpg\" alt=\"Jaguari\u00fana, SP\" width=\"1200\" height=\"719\" \/><\/p>\n<p>Jaguari\u00fana faz parte do <strong>Circuito das \u00c1guas<\/strong> no interior de S\u00e3o Paulo e tem como destaque o turismo rural e sua import\u00e2ncia hist\u00f3rica. A cidade foi usada como passagem para o centro do pa\u00eds pelos Bandeirantes em busca de ouro e viveu o apogeu no momento em que os cafezais transformaram a produ\u00e7\u00e3o agr\u00edcola do pa\u00eds, na primeira metade do s\u00e9culo XX. A visita a Jaguari\u00fana \u00e9 uma aula de hist\u00f3ria e a principal atra\u00e7\u00e3o da cidade, a <strong>Maria Fuma\u00e7a<\/strong>, um patrim\u00f4nio hist\u00f3rico-ferrovi\u00e1rio, est\u00e1 funcionando para turistas. Veja os hor\u00e1rios, incluindo durante os feriados, <a href=\"http:\/\/www.jaguariuna.sp.gov.br\/portais\/setuc\/?page_id=148\" target=\"_blank\" rel=\"noopener noreferrer\">aqui<\/a>.<\/p>\n<h3>A \u00faltima noite do ano no\u00a0Vila Bueno<\/h3>\n<p><img loading=\"lazy\" class=\"wp-image-3884 size-full\" src=\"http:\/\/trv-checkin.s3-eu-central-1.amazonaws.com\/wp-content\/uploads\/sites\/18\/2015\/10\/vila-bueno-ano-novo.jpg\" alt=\"Pousada Vila Bueno para o ano-novo em Jaguari\u00fana, SP\" width=\"1200\" height=\"719\" \/><\/p>\n<p>A casa do s\u00e9culo XIX tem uma bel\u00edssima decora\u00e7\u00e3o resultante da conserva\u00e7\u00e3o de detalhes que pertenciam ao local antes de ser reformado. O ambiente do restaurante \u00e9 composto por mesas de demoli\u00e7\u00e3o, o piso \u00e9 original, que foi preservado, e ainda h\u00e1 uma exposi\u00e7\u00e3o de fotografias e aquarelas permanente. No total, s\u00e3o 20 apartamentos com aquecimento central, um bar, sal\u00f5es para eventos e uma adega climatizada naturalmente<\/p>\n<p>[\/vc_column_text][vc_cta_button2 h2=&#8221;Leia Mais&#8221; style=&#8221;rounded&#8221; txt_align=&#8221;left&#8221; title=&#8221;checkin.trivago.com.br&#8221; btn_style=&#8221;rounded&#8221; color=&#8221;blue&#8221; size=&#8221;md&#8221; position=&#8221;right&#8221; link=&#8221;url:http%3A%2F%2Fcheckin.trivago.com.br%2F2015%2F10%2F26%2Fdestinos-tranquilos-ano-novo-brasil%2F||target:%20_blank&#8221;]Veja esta mat\u00e9ria completa no site do\u00a0Checkin\u00a0Trivago[\/vc_cta_button2][\/vc_column][\/vc_row]<\/p>\n","protected":false},"excerpt":{"rendered":"<p>[vc_row][vc_column][vc_cta_button2 h2=&#8221;Leia Mais&#8221; style=&#8221;rounded&#8221; txt_align=&#8221;left&#8221; title=&#8221;checkin.trivago.com.br&#8221; btn_style=&#8221;rounded&#8221; color=&#8221;blue&#8221; size=&#8221;md&#8221; position=&#8221;right&#8221; link=&#8221;url:http%3A%2F%2Fcheckin.trivago.com.br%2F2015%2F10%2F26%2Fdestinos-tranquilos-ano-novo-brasil%2F||target:%20_blank&#8221;]Veja esta mat\u00e9ria completa no site do\u00a0Checkin\u00a0Trivago[\/vc_cta_button2][vc_column_text] Jaguari\u00fana\u00a0(SP) Jaguari\u00fana faz parte do Circuito das \u00c1guas no interior de S\u00e3o Paulo e tem como destaque o turismo rural e sua import\u00e2ncia hist\u00f3rica. A cidade foi usada como passagem para o centro[&#8230;]<\/p>\n","protected":false},"author":1,"featured_media":0,"parent":0,"menu_order":0,"comment_status":"open","ping_status":"open","template":"","meta":[],"_links":{"self":[{"href":"https:\/\/vilabueno.com.br\/br\/wp-json\/wp\/v2\/pages\/699"}],"collection":[{"href":"https:\/\/vilabueno.com.br\/br\/wp-json\/wp\/v2\/pages"}],"about":[{"href":"https:\/\/vilabueno.com.br\/br\/wp-json\/wp\/v2\/types\/page"}],"author":[{"embeddable":true,"href":"https:\/\/vilabueno.com.br\/br\/wp-json\/wp\/v2\/users\/1"}],"replies":[{"embeddable":true,"href":"https:\/\/vilabueno.com.br\/br\/wp-json\/wp\/v2\/comments?post=699"}],"version-history":[{"count":0,"href":"https:\/\/vilabueno.com.br\/br\/wp-json\/wp\/v2\/pages\/699\/revisions"}],"wp:attachment":[{"href":"https:\/\/vilabueno.com.br\/br\/wp-json\/wp\/v2\/media?parent=699"}],"curies":[{"name":"wp","href":"https:\/\/api.w.org\/{rel}","templated":true}]}}